{"id":3,"date":"2026-01-22T17:52:56","date_gmt":"2026-01-22T17:52:56","guid":{"rendered":"https:\/\/birdsupreme.com\/?page_id=3"},"modified":"2026-03-16T08:17:17","modified_gmt":"2026-03-16T07:17:17","slug":"polityka-prywatnosci","status":"publish","type":"page","link":"https:\/\/birdsupreme.com\/pl\/privacy-policy\/","title":{"rendered":"Polityka prywatno\u015bci"},"content":{"rendered":"<p>Bird Supreme dok\u0142ada wszelkich stara\u0144, aby chroni\u0107 dane osobowe u\u017cytkownik\u00f3w (i szanowa\u0107 ich prywatno\u015b\u0107). W niniejszym o\u015bwiadczeniu o ochronie prywatno\u015bci staramy si\u0119 zapewni\u0107 jasne i przejrzyste informacje na temat tego, jakie dane gromadzimy i jak post\u0119pujemy z danymi osobowymi. Dok\u0142adamy wszelkich stara\u0144, aby zapewni\u0107 prywatno\u015b\u0107 u\u017cytkownik\u00f3w i dlatego obchodzimy si\u0119 z danymi osobowymi z nale\u017cyt\u0105 staranno\u015bci\u0105. Bird Supreme przestrzega we wszystkich przypadkach obowi\u0105zuj\u0105cych przepis\u00f3w ustawowych i wykonawczych, w tym og\u00f3lnego rozporz\u0105dzenia o ochronie danych.<\/p>\n\n\n\n<p>Obejmuje to co najmniej:<\/p>\n\n\n\n<ul class=\"wp-block-list\">\n<li>przetwarza\u0107 dane osobowe u\u017cytkownika zgodnie z celem, w jakim zosta\u0142y one przekazane; te cele i rodzaje danych osobowych zosta\u0142y opisane w niniejszym O\u015bwiadczeniu o ochronie prywatno\u015bci;<\/li>\n\n\n\n<li>Przetwarzanie danych osobowych u\u017cytkownika jest ograniczone wy\u0142\u0105cznie do tych danych, kt\u00f3re s\u0105 minimalnie niezb\u0119dne do cel\u00f3w, dla kt\u00f3rych s\u0105 przetwarzane;<\/li>\n\n\n\n<li>poprosi\u0107 o wyra\u017an\u0105 zgod\u0119 u\u017cytkownika, je\u015bli potrzebujemy jej do przetwarzania jego danych osobowych;<\/li>\n\n\n\n<li>nie ujawnia\u0107 danych osobowych innym stronom, chyba \u017ce jest to konieczne do realizacji cel\u00f3w, dla kt\u00f3rych zosta\u0142y one przekazane;<\/li>\n\n\n\n<li>jeste\u015bmy \u015bwiadomi praw u\u017cytkownika w zakresie jego danych osobowych, chcemy je u\u015bwiadamia\u0107 i respektowa\u0107.<\/li>\n<\/ul>\n\n\n\n<p>Jako Bird Supreme jeste\u015bmy odpowiedzialni za przetwarzanie danych osobowych u\u017cytkownik\u00f3w. Je\u015bli po zapoznaniu si\u0119 z naszym o\u015bwiadczeniem o ochronie prywatno\u015bci lub w bardziej og\u00f3lnym sensie masz jakiekolwiek pytania lub chcesz si\u0119 z nami skontaktowa\u0107, mo\u017cesz to zrobi\u0107, korzystaj\u0105c z poni\u017cszych danych kontaktowych: info@birdsupreme.com<\/p>\n\n\n\n<h2 class=\"wp-block-heading\"><strong>Dlaczego przetwarzamy dane osobowe?<\/strong><\/h2>\n\n\n\n<p>Twoje dane osobowe b\u0119d\u0105 przetwarzane przez Bird Supreme w nast\u0119puj\u0105cych celach i na nast\u0119puj\u0105cych podstawach prawnych:<\/p>\n\n\n\n<ul class=\"wp-block-list\">\n<li>Przetwarzanie zam\u00f3wie\u0144;<\/li>\n\n\n\n<li>Dostarczanie u\u017cytkownikowi towar\u00f3w i us\u0142ug;<\/li>\n\n\n\n<li>Organizowanie obs\u0142ugi posprzeda\u017cnej;<\/li>\n\n\n\n<li>U\u0142atwienie dost\u0119pu do strony internetowej (za pomoc\u0105 plik\u00f3w cookie);<\/li>\n\n\n\n<li>Komunikacja do cel\u00f3w marketingu bezpo\u015bredniego (np. newsletter);<\/li>\n\n\n\n<li>Dzwonienie lub wysy\u0142anie wiadomo\u015bci e-mail, je\u015bli jest to konieczne do \u015bwiadczenia naszych us\u0142ug;<\/li>\n\n\n\n<li>Informowanie u\u017cytkownika o zmianach w naszych us\u0142ugach i produktach;<\/li>\n\n\n\n<li>Analiza zachowania u\u017cytkownika na stronie internetowej w celu ulepszenia strony internetowej i dostosowania oferty produkt\u00f3w i us\u0142ug do preferencji u\u017cytkownika.<\/li>\n\n\n\n<li>Przetwarzanie danych osobowych, je\u015bli jeste\u015bmy do tego prawnie zobowi\u0105zani, np. danych potrzebnych do z\u0142o\u017cenia zeznania podatkowego.<\/li>\n<\/ul>\n\n\n\n<h2 class=\"wp-block-heading\"><strong>Jakie dane osobowe przetwarzamy?<\/strong><\/h2>\n\n\n\n<p>W powy\u017cszych celach mo\u017cemy \u017c\u0105da\u0107, przechowywa\u0107, gromadzi\u0107 i przetwarza\u0107 nast\u0119puj\u0105ce dane osobowe u\u017cytkownika:<\/p>\n\n\n\n<ul class=\"wp-block-list\">\n<li>Dane osobowe: nazwisko, imi\u0119, adres e-mail<\/li>\n\n\n\n<li>Informacje o stronach internetowych odwiedzanych przez adres IP<\/li>\n\n\n\n<li>Dane pozostawione na naszej stronie internetowej<\/li>\n<\/ul>\n\n\n\n<p>Zebrane dane wykorzystujemy wy\u0142\u0105cznie do cel\u00f3w, dla kt\u00f3rych je uzyskali\u015bmy.<\/p>\n\n\n\n<h2 class=\"wp-block-heading\"><strong>Nieletni<\/strong><\/h2>\n\n\n\n<p>Nasza witryna i\/lub us\u0142uga nie ma na celu gromadzenia danych os\u00f3b odwiedzaj\u0105cych witryn\u0119, kt\u00f3re nie uko\u0144czy\u0142y 16 roku \u017cycia. Chyba \u017ce maj\u0105 zgod\u0119 rodzic\u00f3w lub opiekun\u00f3w. Nie mo\u017cemy jednak zweryfikowa\u0107, czy odwiedzaj\u0105cy ma wi\u0119cej ni\u017c 16 lat. Dlatego zalecamy rodzicom, aby byli zaanga\u017cowani w dzia\u0142ania online swoich dzieci, aby unikn\u0105\u0107 gromadzenia danych dzieci bez zgody rodzic\u00f3w. Je\u015bli jeste\u015b przekonany, \u017ce zebrali\u015bmy dane osobowe osoby niepe\u0142noletniej bez takiej zgody, skontaktuj si\u0119 z nami pod adresem Bird Supreme, a my usuniemy te informacje.<\/p>\n\n\n\n<h2 class=\"wp-block-heading\"><strong>Ujawnianie informacji stronom trzecim<\/strong><\/h2>\n\n\n\n<p>Mo\u017cemy przekazywa\u0107 dane, kt\u00f3re nam przekazujesz, stronom trzecim, je\u015bli jest to konieczne do realizacji cel\u00f3w opisanych powy\u017cej. ****Zo korzystamy z us\u0142ug strony trzeciej dla:<\/p>\n\n\n\n<ul class=\"wp-block-list\">\n<li>udost\u0119pnianie danych osobowych us\u0142ugom dostawy;<\/li>\n\n\n\n<li>Zapewnienie \u015brodowiska internetowego (hosting);<\/li>\n\n\n\n<li>Zapewnienie infrastruktury IT (w tym sieci IT, ...);<\/li>\n<\/ul>\n\n\n\n<p>Nigdy nie przekazujemy danych osobowych innym stronom, z kt\u00f3rymi nie zawarli\u015bmy umowy o przetwarzanie danych. Z tymi stronami (podmiotami przetwarzaj\u0105cymi) zawieramy oczywi\u015bcie niezb\u0119dne umowy w celu zapewnienia bezpiecze\u0144stwa danych osobowych u\u017cytkownika. Ponadto nie b\u0119dziemy przekazywa\u0107 danych podanych przez u\u017cytkownika stronom trzecim, chyba \u017ce jest to wymagane i dozwolone przez prawo. Mo\u017cemy r\u00f3wnie\u017c udost\u0119pnia\u0107 dane osobowe stronom trzecim, je\u015bli u\u017cytkownik wyrazi na to zgod\u0119. U\u017cytkownik ma prawo do wycofania tej zgody w dowolnym momencie, bez uszczerbku dla zgodno\u015bci z prawem przetwarzania danych przed jej wycofaniem. Nie udost\u0119pniamy danych osobowych stronom znajduj\u0105cym si\u0119 poza UE.<\/p>\n\n\n\n<h2 class=\"wp-block-heading\"><strong>Wykorzystywane przez nas pliki cookie lub podobne techniki<\/strong><\/h2>\n\n\n\n<p>Bird Supreme wykorzystuje funkcjonalne, analityczne i \u015bledz\u0105ce pliki cookie. Plik cookie to ma\u0142y plik tekstowy, kt\u00f3ry jest przechowywany w przegl\u0105darce komputera, tabletu lub smartfona przy pierwszej wizycie na tej stronie. Bird Supreme wykorzystuje pliki cookie o czysto technicznej funkcjonalno\u015bci. Zapewniaj\u0105 one prawid\u0142owe dzia\u0142anie strony internetowej i na przyk\u0142ad zapami\u0119tywanie preferencji u\u017cytkownika. Te pliki cookie s\u0105 r\u00f3wnie\u017c wykorzystywane do prawid\u0142owego dzia\u0142ania witryny i jej optymalizacji. Ponadto umieszczamy pliki cookie, kt\u00f3re \u015bledz\u0105 zachowanie u\u017cytkownika podczas przegl\u0105dania, dzi\u0119ki czemu mo\u017cemy oferowa\u0107 dostosowane tre\u015bci i reklamy. Podczas pierwszej wizyty u\u017cytkownika na naszej stronie internetowej poinformowali\u015bmy go o tych plikach cookie i poprosili\u015bmy o zgod\u0119 na ich umieszczenie.<\/p>\n\n\n\n<p>U\u017cytkownik mo\u017ce zrezygnowa\u0107 z plik\u00f3w cookie, ustawiaj\u0105c przegl\u0105dark\u0119 internetow\u0105 tak, aby przesta\u0142a przechowywa\u0107 pliki cookie. Ponadto mo\u017cna r\u00f3wnie\u017c usun\u0105\u0107 wszelkie wcze\u015bniej zapisane informacje za pomoc\u0105 ustawie\u0144 przegl\u0105darki:&nbsp;<a href=\"https:\/\/veiliginternetten.nl\/themes\/situatie\/cookies-wat-zijn-het-en-wat-doe-ik-ermee\/\" target=\"_blank\" rel=\"noopener\">https:\/\/veiliginternetten.nl\/themes\/situatie\/cookies-wat-zijn-het-en-wat-doe-ik-ermee\/<\/a><\/p>\n\n\n\n<p>Pliki cookie s\u0105 r\u00f3wnie\u017c ustawiane na tej stronie przez strony trzecie. Nale\u017c\u0105 do nich na przyk\u0142ad reklamodawcy i\/lub firmy z bran\u017cy medi\u00f3w spo\u0142eczno\u015bciowych.<\/p>\n\n\n\n<h2 class=\"wp-block-heading\"><strong>Google Analytics<\/strong><\/h2>\n\n\n\n<p>U\u017cywamy Google Analytics do \u015bledzenia sposobu, w jaki u\u017cytkownicy korzystaj\u0105 z witryny. Uzyskane w ten spos\u00f3b informacje, w tym adres komputera u\u017cytkownika (adres IP), s\u0105 przesy\u0142ane i przechowywane przez Google na serwerach w Stanach Zjednoczonych. Google. Inc. dostarcza Schakenbosch informacje statystyczne zebrane na temat korzystania z tej strony internetowej. Przeczytaj&nbsp;<a href=\"https:\/\/www.google.com\/intl\/nl\/policies\/privacy\/\" target=\"_blank\" rel=\"noopener\">Polityka prywatno\u015bci Google<\/a>&nbsp;aby uzyska\u0107 wi\u0119cej informacji i konkretne&nbsp;<a href=\"https:\/\/support.google.com\/analytics\/answer\/6004245?hl=nl\" target=\"_blank\" rel=\"noopener\">Polityka prywatno\u015bci Google Analytics<\/a>.<\/p>\n\n\n\n<p>Google wykorzystuje te informacje do \u015bledzenia sposobu korzystania z naszej strony internetowej, dostarczania nam raport\u00f3w na temat strony internetowej oraz dostarczania reklamodawcom informacji na temat skuteczno\u015bci ich kampanii. Google mo\u017ce przekazywa\u0107 te informacje osobom trzecim, je\u015bli jest do tego prawnie zobowi\u0105zana lub w zakresie, w jakim osoby trzecie przetwarzaj\u0105 te informacje w imieniu Google. Nie mamy na to \u017cadnego wp\u0142ywu. Nie zezwolili\u015bmy Google na wykorzystywanie informacji analitycznych uzyskanych dla innych us\u0142ug Google.<\/p>\n\n\n\n<h2 class=\"wp-block-heading\"><strong>Czcionki internetowe Google<\/strong><\/h2>\n\n\n\n<p>Witryna korzysta z tak zwanych czcionek internetowych dostarczanych przez Google w celu jednolitego wy\u015bwietlania czcionek. Podczas wywo\u0142ywania strony przegl\u0105darka \u0142aduje niezb\u0119dne czcionki internetowe do pami\u0119ci podr\u0119cznej przegl\u0105darki, aby poprawnie wy\u015bwietla\u0107 teksty i czcionki. Je\u015bli przegl\u0105darka nie obs\u0142uguje czcionek internetowych, u\u017cywana jest standardowa czcionka z komputera.<\/p>\n\n\n\n<p>Wi\u0119cej informacji na temat Google Web Fonts mo\u017cna znale\u017a\u0107 na stronie&nbsp;<a href=\"https:\/\/developers.google.com\/fonts\/faq\" target=\"_blank\" rel=\"noopener\">https:\/\/developers.google.com\/fonts\/faq<\/a>&nbsp;oraz w o\u015bwiadczeniu o ochronie prywatno\u015bci Google:&nbsp;<a href=\"https:\/\/www.google.com\/policies\/privacy\/\" target=\"_blank\" rel=\"noopener\">https:\/\/www.google.com\/policies\/privacy\/<\/a><\/p>\n\n\n\n<h2 class=\"wp-block-heading\"><strong>Media spo\u0142eczno\u015bciowe: facebook, instagram, linkedin, tiktok<\/strong><\/h2>\n\n\n\n<p>Ta strona zawiera przyciski do promowania stron w sieciach spo\u0142eczno\u015bciowych Facebook, Linkedin, Youtube, Tiktok. Przyciski te s\u0105 realizowane przez kod dostarczony przez sam Facebook. Kod ten mi\u0119dzy innymi umieszcza plik cookie (patrz wy\u017cej). Te pliki cookie umo\u017cliwiaj\u0105 korzystanie z funkcji medi\u00f3w spo\u0142eczno\u015bciowych za po\u015brednictwem naszej strony internetowej. Nale\u017cy pami\u0119ta\u0107, \u017ce za po\u015brednictwem tych plik\u00f3w cookie odpowiednie media spo\u0142eczno\u015bciowe mog\u0105 gromadzi\u0107 informacje, kt\u00f3re mog\u0105 wykorzystywa\u0107 do w\u0142asnych cel\u00f3w. Zapoznaj si\u0119 z o\u015bwiadczeniem o ochronie prywatno\u015bci Facebooka, aby dowiedzie\u0107 si\u0119, co robi\u0105 z Twoimi danymi osobowymi, kt\u00f3re przetwarzaj\u0105 za pomoc\u0105 tego kodu. Te o\u015bwiadczenia o ochronie prywatno\u015bci s\u0105 regularnie zmieniane.<\/p>\n\n\n\n<h2 class=\"wp-block-heading\"><strong>Wy\u015bwietlanie, modyfikowanie lub usuwanie danych<\/strong><\/h2>\n\n\n\n<p>U\u017cytkownik ma prawo dost\u0119pu do swoich danych osobowych, ich poprawiania lub usuni\u0119cia. Ponadto u\u017cytkownik ma prawo do wycofania ewentualnej zgody na przetwarzanie danych lub wniesienia sprzeciwu wobec przetwarzania jego danych osobowych przez Bird Supreme, a tak\u017ce ma prawo do przenoszenia danych. Oznacza to, \u017ce u\u017cytkownik mo\u017ce zwr\u00f3ci\u0107 si\u0119 do nas z pro\u015bb\u0105 o przes\u0142anie danych osobowych, kt\u00f3re przechowujemy na jego temat w pliku komputerowym, do u\u017cytkownika lub innej organizacji wskazanej przez u\u017cytkownika. Wniosek o wgl\u0105d, poprawienie, usuni\u0119cie, przeniesienie danych osobowych lub wniosek o wycofanie zgody lub sprzeciw wobec przetwarzania danych osobowych mo\u017cna przes\u0142a\u0107 na adres info@birdsupreme.com.<\/p>\n\n\n\n<h2 class=\"wp-block-heading\"><strong>Bezpiecze\u0144stwo danych<\/strong><\/h2>\n\n\n\n<p>Bird Supreme powa\u017cnie traktuje ochron\u0119 danych u\u017cytkownika i podejmuje odpowiednie \u015brodki, aby zapobiec ich niew\u0142a\u015bciwemu wykorzystaniu, utracie, nieupowa\u017cnionemu dost\u0119powi, niepo\u017c\u0105danemu ujawnieniu i nieupowa\u017cnionej modyfikacji. Je\u015bli masz wra\u017cenie, \u017ce Twoje dane nie s\u0105 odpowiednio zabezpieczone lub istniej\u0105 oznaki niew\u0142a\u015bciwego wykorzystania, skontaktuj si\u0119 z naszym dzia\u0142em obs\u0142ugi klienta lub za po\u015brednictwem Bird Supreme podj\u0119to nast\u0119puj\u0105ce \u015brodki w celu zabezpieczenia Twoich danych osobowych:<\/p>\n\n\n\n<h2 class=\"wp-block-heading\"><strong>Prawa u\u017cytkownika do danych<\/strong><\/h2>\n\n\n\n<p>U\u017cytkownik ma prawo do dost\u0119pu, poprawienia lub usuni\u0119cia danych osobowych, kt\u00f3re od niego otrzymali\u015bmy. Na g\u00f3rze niniejszego o\u015bwiadczenia o ochronie prywatno\u015bci znajduje si\u0119 informacja, jak si\u0119 z nami skontaktowa\u0107. (Mo\u017cesz r\u00f3wnie\u017c skontaktowa\u0107 si\u0119 z nami za po\u015brednictwem strony kontaktowej naszej witryny internetowej. **** U\u017cytkownik mo\u017ce sprzeciwi\u0107 si\u0119 przetwarzaniu przez nas jego danych osobowych (lub ich cz\u0119\u015bci), a tak\u017ce ma prawo za\u017c\u0105da\u0107, aby\u015bmy przekazali dane, kt\u00f3re nam przekaza\u0142, jemu samemu lub w jego imieniu bezpo\u015brednio innemu podmiotowi. Zanim b\u0119dziemy mogli spe\u0142ni\u0107 powy\u017csze \u017c\u0105dania, mo\u017cemy poprosi\u0107 u\u017cytkownika o podanie swojej to\u017csamo\u015bci.<\/p>\n\n\n\n<h2 class=\"wp-block-heading\"><strong>Skargi<\/strong><\/h2>\n\n\n\n<p>Je\u015bli masz skarg\u0119 dotycz\u0105c\u0105 przetwarzania Twoich danych osobowych, skontaktuj si\u0119 z nami bezpo\u015brednio. Zawsze masz prawo z\u0142o\u017cy\u0107 skarg\u0119 do Komisji Ochrony Prywatno\u015bci, kt\u00f3ra jest organem nadzorczym w zakresie ochrony prywatno\u015bci.<\/p>\n\n\n\n<h2 class=\"wp-block-heading\"><strong>Zmiana o\u015bwiadczenia o ochronie prywatno\u015bci<\/strong><\/h2>\n\n\n\n<p>Bird Supreme mo\u017ce zmieni\u0107 i zaktualizowa\u0107 O\u015bwiadczenie o ochronie prywatno\u015bci w dowolnym momencie bez uprzedniego powiadomienia, publikuj\u0105c now\u0105 wersj\u0119 w Witrynie.<\/p>\n\n\n\n<p>Z tego powodu zdecydowanie zaleca si\u0119 regularne sprawdzanie Witryny i odpowiedniej strony, na kt\u00f3rej znajduje si\u0119 O\u015bwiadczenie o ochronie prywatno\u015bci, aby upewni\u0107 si\u0119, \u017ce u\u017cytkownik jest \u015bwiadomy wszelkich zmian. Data najnowszej wersji jest zawsze aktualizowana i mo\u017cna j\u0105 znale\u017a\u0107 na dole O\u015bwiadczenia o ochronie prywatno\u015bci.<\/p>\n\n\n\n<p>Informacja o ochronie prywatno\u015bci 16\/03\/2026<\/p>\n\n\n\n<p><\/p>","protected":false},"excerpt":{"rendered":"<p>Bird Supreme\u00a0hecht veel waarde aan de bescherming van uw persoonsgegevens (en dat uw privacy wordt gerespecteerd).In deze privacyverklaring willen we heldere en transparante informatie geven over (welke gegevens we verzamelen) hoe wij omgaan met persoonsgegevens. Wij doen er alles aan om uw privacy te waarborgen en gaan daarom zorgvuldig om met persoons- gegevens.\u00a0Bird Supreme\u00a0houdt zich [&hellip;]<\/p>\n","protected":false},"author":1,"featured_media":0,"parent":0,"menu_order":98,"comment_status":"closed","ping_status":"closed","template":"","meta":{"_acf_changed":false,"footnotes":""},"class_list":["post-3","page","type-page","status-publish","hentry"],"acf":[],"_links":{"self":[{"href":"https:\/\/birdsupreme.com\/pl\/wp-json\/wp\/v2\/pages\/3","targetHints":{"allow":["GET"]}}],"collection":[{"href":"https:\/\/birdsupreme.com\/pl\/wp-json\/wp\/v2\/pages"}],"about":[{"href":"https:\/\/birdsupreme.com\/pl\/wp-json\/wp\/v2\/types\/page"}],"author":[{"embeddable":true,"href":"https:\/\/birdsupreme.com\/pl\/wp-json\/wp\/v2\/users\/1"}],"replies":[{"embeddable":true,"href":"https:\/\/birdsupreme.com\/pl\/wp-json\/wp\/v2\/comments?post=3"}],"version-history":[{"count":0,"href":"https:\/\/birdsupreme.com\/pl\/wp-json\/wp\/v2\/pages\/3\/revisions"}],"wp:attachment":[{"href":"https:\/\/birdsupreme.com\/pl\/wp-json\/wp\/v2\/media?parent=3"}],"curies":[{"name":"wp","href":"https:\/\/api.w.org\/{rel}","templated":true}]}}