{"id":157,"date":"2026-01-29T10:30:25","date_gmt":"2026-01-29T09:30:25","guid":{"rendered":"https:\/\/birdsupreme.com\/?page_id=157"},"modified":"2026-03-13T15:35:18","modified_gmt":"2026-03-13T14:35:18","slug":"contact","status":"publish","type":"page","link":"https:\/\/birdsupreme.com\/fr\/consumenten\/contact\/","title":{"rendered":"Contact"},"content":{"rendered":"\t\t<div data-elementor-type=\"wp-page\" data-elementor-id=\"157\" class=\"elementor elementor-157\" data-elementor-post-type=\"page\">\n\t\t\t\t<div data-dce-background-image-url=\"https:\/\/birdsupreme.com\/wp-content\/uploads\/2026\/02\/banner-footer_contact-scaled.jpg\" class=\"elementor-element elementor-element-1c78127 e-flex e-con-boxed e-con e-parent\" data-id=\"1c78127\" data-element_type=\"container\" data-e-type=\"container\" data-settings=\"{&quot;background_background&quot;:&quot;classic&quot;}\">\n\t\t\t\t\t<div class=\"e-con-inner\">\n\t\t\t\t<div class=\"elementor-element elementor-element-166cdf3 elementor-absolute dce_masking-none elementor-widget elementor-widget-image\" data-id=\"166cdf3\" data-element_type=\"widget\" data-e-type=\"widget\" data-settings=\"{&quot;_position&quot;:&quot;absolute&quot;}\" data-widget_type=\"image.default\">\n\t\t\t\t\t\t\t\t\t\t\t\t\t\t\t<img fetchpriority=\"high\" decoding=\"async\" width=\"800\" height=\"800\" src=\"https:\/\/birdsupreme.com\/wp-content\/uploads\/2026\/02\/Bird_orange_R.gif\" class=\"attachment-full size-full wp-image-1614\" alt=\"\" \/>\t\t\t\t\t\t\t\t\t\t\t\t\t\t\t<\/div>\n\t\t<div class=\"elementor-element elementor-element-936de5d e-con-full e-flex e-con e-child\" data-id=\"936de5d\" data-element_type=\"container\" data-e-type=\"container\">\n\t\t<div class=\"elementor-element elementor-element-e4f817c e-con-full e-flex e-con e-child\" data-id=\"e4f817c\" data-element_type=\"container\" data-e-type=\"container\">\n\t\t\t\t<div class=\"elementor-element elementor-element-6f777bc animated-slow elementor-invisible elementor-widget elementor-widget-heading\" data-id=\"6f777bc\" data-element_type=\"widget\" data-e-type=\"widget\" data-settings=\"{&quot;_animation&quot;:&quot;fadeIn&quot;}\" data-widget_type=\"heading.default\">\n\t\t\t\t\t<h2 class=\"elementor-heading-title elementor-size-default\">Neem contact <br>\nop met Bird Supreme<\/h2>\t\t\t\t<\/div>\n\t\t\t\t<div class=\"elementor-element elementor-element-52c95d3 animated-slow elementor-invisible elementor-widget elementor-widget-text-editor\" data-id=\"52c95d3\" data-element_type=\"widget\" data-e-type=\"widget\" data-settings=\"{&quot;_animation&quot;:&quot;fadeIn&quot;,&quot;_animation_delay&quot;:400}\" data-widget_type=\"text-editor.default\">\n\t\t\t\t\t\t\t\t\t<p>Wens je meer info over een product? Wil je graag Bird Supreme aanbieden aan jouw klanten? Neem met ons contact op en wij beantwoorden jouw vraag met veel plezier.<\/p>\t\t\t\t\t\t\t\t<\/div>\n\t\t<div class=\"elementor-element elementor-element-d4dfd8c e-con-full animated-slow e-flex elementor-invisible e-con e-child\" data-id=\"d4dfd8c\" data-element_type=\"container\" data-e-type=\"container\" data-settings=\"{&quot;animation&quot;:&quot;fadeIn&quot;,&quot;animation_delay&quot;:800}\">\n\t\t\t\t<div class=\"elementor-element elementor-element-bcd0405 elementor-view-default elementor-widget elementor-widget-icon\" data-id=\"bcd0405\" data-element_type=\"widget\" data-e-type=\"widget\" data-widget_type=\"icon.default\">\n\t\t\t\t\t\t\t<div class=\"elementor-icon-wrapper\">\n\t\t\t<div class=\"elementor-icon\">\n\t\t\t<svg xmlns=\"http:\/\/www.w3.org\/2000\/svg\" width=\"15.001\" height=\"20\" viewBox=\"0 0 15.001 20\"><g id=\"Group_2188\" data-name=\"Group 2188\" transform=\"translate(-360 -437.5)\"><g id=\"Union_1\" data-name=\"Union 1\" transform=\"translate(9447 8397.5)\" fill=\"none\" stroke-linecap=\"round\" stroke-linejoin=\"round\"><path d=\"M-9083.033-7949.009a4.934,4.934,0,0,1-1.967-3.9,5.307,5.307,0,0,1,5.5-5.091,5.306,5.306,0,0,1,5.5,5.091,4.94,4.94,0,0,1-1.967,3.9L-9079.5-7942Z\" stroke=\"none\"><\/path><path d=\"M -9079.4990234375 -7942 L -9075.9658203125 -7949.00732421875 C -9074.763671875 -7949.94140625 -9073.9990234375 -7951.34228515625 -9073.9990234375 -7952.9091796875 C -9073.9990234375 -7955.7216796875 -9076.4609375 -7958 -9079.4990234375 -7958 C -9082.5380859375 -7958 -9085 -7955.7216796875 -9085 -7952.9091796875 C -9085 -7951.3427734375 -9084.236328125 -7949.9423828125 -9083.033203125 -7949.0087890625 L -9079.4990234375 -7942 M -9079.4990234375 -7940 C -9080.25390625 -7940 -9080.9453125 -7940.42529296875 -9081.28515625 -7941.099609375 L -9084.6318359375 -7947.73779296875 C -9086.142578125 -7949.0751953125 -9087 -7950.93505859375 -9087 -7952.9091796875 C -9087 -7956.81884765625 -9083.634765625 -7960 -9079.4990234375 -7960 C -9075.36328125 -7960 -9071.9990234375 -7956.81884765625 -9071.9990234375 -7952.9091796875 C -9071.9990234375 -7950.935546875 -9072.8564453125 -7949.07568359375 -9074.3662109375 -7947.73681640625 L -9077.712890625 -7941.099609375 C -9078.052734375 -7940.42529296875 -9078.744140625 -7940 -9079.4990234375 -7940 Z\" stroke=\"none\" fill=\"#fff\"><\/path><\/g><circle id=\"Ellipse_82\" data-name=\"Ellipse 82\" cx=\"2.5\" cy=\"2.5\" r=\"2.5\" transform=\"translate(365 442)\" fill=\"#fff\"><\/circle><\/g><\/svg>\t\t\t<\/div>\n\t\t<\/div>\n\t\t\t\t\t\t<\/div>\n\t\t<div class=\"elementor-element elementor-element-9158224 e-con-full e-flex e-con e-child\" data-id=\"9158224\" data-element_type=\"container\" data-e-type=\"container\">\n\t\t\t\t<div data-dce-text-color=\"#024722\" class=\"elementor-element elementor-element-d60efce elementor-widget elementor-widget-text-editor\" data-id=\"d60efce\" data-element_type=\"widget\" data-e-type=\"widget\" data-widget_type=\"text-editor.default\">\n\t\t\t\t\t\t\t\t\t<p>Priester Coulonstraat 100<br \/>8930 Rekkem<\/p>\t\t\t\t\t\t\t\t<\/div>\n\t\t\t\t<div class=\"elementor-element elementor-element-0bd5c6f animated-slow elementor-widget elementor-widget-button\" data-id=\"0bd5c6f\" data-element_type=\"widget\" data-e-type=\"widget\" data-settings=\"{&quot;_animation&quot;:&quot;none&quot;,&quot;_animation_delay&quot;:1600}\" data-widget_type=\"button.default\">\n\t\t\t\t\t\t\t\t\t\t<a class=\"elementor-button elementor-button-link elementor-size-sm\" href=\"https:\/\/www.google.com\/maps\/dir\/\/Priester+Coulonstraat+100,+8930+Menen\/@50.7862718,3.1718532,17z\/data=!4m18!1m8!3m7!1s0x47c32fc8d078bc25:0x5f769deee89bf367!2sPriester+Coulonstraat+100,+8930+Menen!3b1!8m2!3d50.7862718!4d3.1744281!16s%2Fg%2F11c4vtf2w7!4m8!1m0!1m5!1m1!1s0x47c32fc8d078bc25:0x5f769deee89bf367!2m2!1d3.1744281!2d50.7862718!3e2?entry=ttu&#038;g_ep=EgoyMDI2MDIwOS4wIKXMDSoASAFQAw%3D%3D\" target=\"_blank\" rel=\"nofollow noopener\">\n\t\t\t\t\t\t<span class=\"elementor-button-content-wrapper\">\n\t\t\t\t\t\t<span class=\"elementor-button-icon\">\n\t\t\t\t<svg xmlns=\"http:\/\/www.w3.org\/2000\/svg\" xmlns:xlink=\"http:\/\/www.w3.org\/1999\/xlink\" width=\"12.063\" height=\"10.661\" viewBox=\"0 0 12.063 10.661\"><defs><clipPath id=\"clip-path\"><rect id=\"Rectangle_305\" data-name=\"Rectangle 305\" width=\"12.063\" height=\"10.661\"><\/rect><\/clipPath><\/defs><g id=\"Group_361\" data-name=\"Group 361\" transform=\"translate(0 0)\"><g id=\"Group_256\" data-name=\"Group 256\" transform=\"translate(0 0)\"><path id=\"Path_948\" data-name=\"Path 948\" d=\"M11.615,5.852a1.43,1.43,0,0,0-.212.23,1.124,1.124,0,0,0-.089.106A13.214,13.214,0,0,1,6,10.562a1.762,1.762,0,0,1-.487.1c-.044.009-.071-.009-.177-.062l-.027-.035c-.115-.7-.071-.345.39-.876.363-.425.806-.788,1.2-1.2.673-.726,1.363-1.425,2.01-2.16C6.215,6.436,2.275,6.277.5,5.533A2.114,2.114,0,0,1,.08,5.259C.044,5.223.035,5.2,0,5.091l.009-.053C.425,4.462.2,4.754.894,4.7c.567-.044,4.409.009,4.976-.009,1.1-.044,2.187-.053,3.276-.133-.7-.814-1.452-1.585-2.187-2.373-.39-.416-.832-.779-1.2-1.213C5.3.443,5.259.8,5.374.106L5.4.062C5.507.009,5.533,0,5.578,0a1.762,1.762,0,0,1,.487.1c2.213.912,3.692,2.665,5.312,4.373.124.124.221.239.31.328.044.053.08.089.115.124.478.5.23.549-.186.93\" transform=\"translate(0 0)\"><\/path><\/g><\/g><\/svg>\t\t\t<\/span>\n\t\t\t\t\t\t\t\t\t<span class=\"elementor-button-text\">Bereken route<\/span>\n\t\t\t\t\t<\/span>\n\t\t\t\t\t<\/a>\n\t\t\t\t\t\t\t\t<\/div>\n\t\t\t\t<\/div>\n\t\t\t\t<\/div>\n\t\t<div class=\"elementor-element elementor-element-a4c7e19 e-con-full e-flex e-con e-child\" data-id=\"a4c7e19\" data-element_type=\"container\" data-e-type=\"container\">\n\t\t\t\t<div data-dce-text-color=\"#024722\" class=\"elementor-element elementor-element-536d5bc animated-slow elementor-icon-list--layout-traditional elementor-list-item-link-full_width elementor-invisible elementor-widget elementor-widget-icon-list\" data-id=\"536d5bc\" data-element_type=\"widget\" data-e-type=\"widget\" data-settings=\"{&quot;_animation&quot;:&quot;fadeIn&quot;,&quot;_animation_delay&quot;:1000}\" data-widget_type=\"icon-list.default\">\n\t\t\t\t\t\t\t<ul class=\"elementor-icon-list-items\">\n\t\t\t\t\t\t\t<li class=\"elementor-icon-list-item\">\n\t\t\t\t\t\t\t\t\t\t\t<a href=\"tel:+3256412407\" target=\"_blank\" rel=\"nofollow\">\n\n\t\t\t\t\t\t\t\t\t\t\t\t<span class=\"elementor-icon-list-icon\">\n\t\t\t\t\t\t\t<svg xmlns=\"http:\/\/www.w3.org\/2000\/svg\" xmlns:xlink=\"http:\/\/www.w3.org\/1999\/xlink\" viewBox=\"0 0 24 22\"><defs><clipPath id=\"clip-path\"><rect id=\"Rectangle_324\" data-name=\"Rectangle 324\" width=\"24\" height=\"22\" transform=\"translate(0 0.477)\" fill=\"#fff\"><\/rect><\/clipPath><\/defs><g id=\"Group_412\" data-name=\"Group 412\" transform=\"translate(2 0.523)\"><g id=\"Group_294\" data-name=\"Group 294\" transform=\"translate(-2 -1)\"><path id=\"Path_953\" data-name=\"Path 953\" d=\"M13.864,19.632a11.924,11.924,0,0,1-4.009-.708A14.964,14.964,0,0,1,4.32,15.312,14.963,14.963,0,0,1,.708,9.777a11.85,11.85,0,0,1-.7-4.439A6.093,6.093,0,0,1,2,1.341,4.478,4.478,0,0,1,5.746.039,3.878,3.878,0,0,1,8.629,1.994h0l.708,1.268A4.179,4.179,0,0,1,8.569,8.18c-.155.244-.028.944.955,1.928s1.684,1.11,1.928.955A4.179,4.179,0,0,1,16.37,10.3L17.638,11a3.878,3.878,0,0,1,1.955,2.883,4.478,4.478,0,0,1-1.3,3.749,6.093,6.093,0,0,1-4,1.989q-.215.008-.43.008M5.17,2.181a2.333,2.333,0,0,0-1.63.7A4.116,4.116,0,0,0,2.188,5.421a9.681,9.681,0,0,0,.575,3.624,12.806,12.806,0,0,0,3.1,4.724,12.807,12.807,0,0,0,4.724,3.1,9.68,9.68,0,0,0,3.624.575,3.89,3.89,0,0,0,2.538-1.351,2.287,2.287,0,0,0,.684-1.906,1.692,1.692,0,0,0-.857-1.278L15.306,12.2a2,2,0,0,0-2.35.443,2.483,2.483,0,0,1-1.606.652,4.593,4.593,0,0,1-3.37-1.644A4.594,4.594,0,0,1,6.337,8.28a2.482,2.482,0,0,1,.652-1.6,2,2,0,0,0,.443-2.35L6.724,3.057A1.692,1.692,0,0,0,5.445,2.2a2,2,0,0,0-.276-.019M8.533,8.216l0,0,0,0\" transform=\"translate(2.14 1.07)\" fill=\"#fff\"><\/path><\/g><\/g><\/svg>\t\t\t\t\t\t<\/span>\n\t\t\t\t\t\t\t\t\t\t<span class=\"elementor-icon-list-text\">+32 56 41 24 07<\/span>\n\t\t\t\t\t\t\t\t\t\t\t<\/a>\n\t\t\t\t\t\t\t\t\t<\/li>\n\t\t\t\t\t\t\t\t<li class=\"elementor-icon-list-item\">\n\t\t\t\t\t\t\t\t\t\t\t<a href=\"mailto:info@birdsupreme.com\" target=\"_blank\" rel=\"nofollow\">\n\n\t\t\t\t\t\t\t\t\t\t\t\t<span class=\"elementor-icon-list-icon\">\n\t\t\t\t\t\t\t<svg xmlns=\"http:\/\/www.w3.org\/2000\/svg\" xmlns:xlink=\"http:\/\/www.w3.org\/1999\/xlink\" id=\"Group_411\" data-name=\"Group 411\" viewBox=\"0 0 21.662 17.33\"><defs><clipPath id=\"clip-path\"><rect id=\"Rectangle_323\" data-name=\"Rectangle 323\" width=\"21.662\" height=\"17.33\" fill=\"#fff\"><\/rect><\/clipPath><\/defs><g id=\"Group_292\" data-name=\"Group 292\"><path id=\"Path_952\" data-name=\"Path 952\" d=\"M18.413,0H3.249A3.253,3.253,0,0,0,0,3.249V14.081A3.253,3.253,0,0,0,3.249,17.33H18.413a3.253,3.253,0,0,0,3.249-3.249V3.249A3.253,3.253,0,0,0,18.413,0M3.249,2.166H18.413a1.073,1.073,0,0,1,.248.029L10.831,7.969,3,2.195a1.073,1.073,0,0,1,.248-.029M19.5,14.081a1.085,1.085,0,0,1-1.083,1.083H3.249a1.085,1.085,0,0,1-1.083-1.083V4.27l8.022,5.916a1.083,1.083,0,0,0,1.286,0L19.5,4.27Z\" fill=\"#fff\"><\/path><\/g><\/svg>\t\t\t\t\t\t<\/span>\n\t\t\t\t\t\t\t\t\t\t<span class=\"elementor-icon-list-text\">info@birdsupreme.com<\/span>\n\t\t\t\t\t\t\t\t\t\t\t<\/a>\n\t\t\t\t\t\t\t\t\t<\/li>\n\t\t\t\t\t\t<\/ul>\n\t\t\t\t\t\t<\/div>\n\t\t\t\t<\/div>\n\t\t\t\t<\/div>\n\t\t<div class=\"elementor-element elementor-element-4ddd1a4 e-con-full e-flex e-con e-child\" data-id=\"4ddd1a4\" data-element_type=\"container\" data-e-type=\"container\">\n\t\t\t\t<div class=\"elementor-element elementor-element-ee5c291 animated-slow elementor-button-align-stretch elementor-invisible elementor-widget elementor-widget-form\" data-id=\"ee5c291\" data-element_type=\"widget\" data-e-type=\"widget\" data-settings=\"{&quot;step_next_label&quot;:&quot;Next&quot;,&quot;step_previous_label&quot;:&quot;Previous&quot;,&quot;_animation&quot;:&quot;fadeIn&quot;,&quot;_animation_delay&quot;:400,&quot;dce_confirm_dialog_enabled&quot;:&quot;no&quot;,&quot;step_type&quot;:&quot;number_text&quot;,&quot;step_icon_shape&quot;:&quot;circle&quot;,&quot;label_icon_size&quot;:{&quot;unit&quot;:&quot;px&quot;,&quot;size&quot;:&quot;&quot;,&quot;sizes&quot;:[]},&quot;field_icon_size&quot;:{&quot;unit&quot;:&quot;px&quot;,&quot;size&quot;:&quot;&quot;,&quot;sizes&quot;:[]}}\" data-widget_type=\"form.default\">\n\t\t\t\t\t\t\t<form class=\"elementor-form\" method=\"post\" name=\"New Form\" aria-label=\"New Form\">\n\t\t\t<input type=\"hidden\" name=\"post_id\" value=\"157\"\/>\n\t\t\t<input type=\"hidden\" name=\"form_id\" value=\"ee5c291\"\/>\n\t\t\t<input type=\"hidden\" name=\"referer_title\" value=\"Contact - Bird Supreme\" \/>\n\n\t\t\t\t\t\t\t<input type=\"hidden\" name=\"queried_id\" value=\"157\"\/>\n\t\t\t\n\t\t\t<div class=\"elementor-form-fields-wrapper elementor-labels-\">\n\t\t\t\t\t\t\t\t<div class=\"elementor-field-type-radio elementor-field-group elementor-column elementor-field-group-field_3579e00 elementor-col-100 elementor-field-required\">\n\t\t\t\t\t\t\t\t\t\t\t\t<label for=\"form-field-field_3579e00\" class=\"elementor-field-label elementor-screen-only\">\n\t\t\t\t\t\t\t\tType klant\t\t\t\t\t\t\t<\/label>\n\t\t\t\t\t\t<div class=\"elementor-field-subgroup  \"><span class=\"elementor-field-option\"><input type=\"radio\" value=\"Particulier\" id=\"form-field-field_3579e00-0\" name=\"form_fields[field_3579e00]\" required=\"required\"> <label for=\"form-field-field_3579e00-0\">Particulier<\/label><\/span><span class=\"elementor-field-option\"><input type=\"radio\" value=\"Professional\" id=\"form-field-field_3579e00-1\" name=\"form_fields[field_3579e00]\" required=\"required\"> <label for=\"form-field-field_3579e00-1\">Professional<\/label><\/span><\/div>\t\t\t\t<\/div>\n\t\t\t\t\t\t\t\t<div class=\"elementor-field-type-text elementor-field-group elementor-column elementor-field-group-name elementor-col-50\">\n\t\t\t\t\t\t\t\t\t\t\t\t<label for=\"form-field-name\" class=\"elementor-field-label elementor-screen-only\">\n\t\t\t\t\t\t\t\tAanspreking\t\t\t\t\t\t\t<\/label>\n\t\t\t\t\t\t\t\t\t\t\t\t\t\t<input size=\"1\" type=\"text\" name=\"form_fields[name]\" id=\"form-field-name\" class=\"elementor-field elementor-size-sm  elementor-field-textual\" placeholder=\"Aanspreking\">\n\t\t\t\t\t\t\t\t\t\t\t<\/div>\n\t\t\t\t\t\t\t\t<div class=\"elementor-field-type-text elementor-field-group elementor-column elementor-field-group-field_84ecf2f elementor-col-50 elementor-field-required\">\n\t\t\t\t\t\t\t\t\t\t\t\t<label for=\"form-field-field_84ecf2f\" class=\"elementor-field-label elementor-screen-only\">\n\t\t\t\t\t\t\t\tNaam & Voornaam\t\t\t\t\t\t\t<\/label>\n\t\t\t\t\t\t\t\t\t\t\t\t\t\t<input size=\"1\" type=\"text\" name=\"form_fields[field_84ecf2f]\" id=\"form-field-field_84ecf2f\" class=\"elementor-field elementor-size-sm  elementor-field-textual\" placeholder=\"Naam &amp; Voornaam\" required=\"required\">\n\t\t\t\t\t\t\t\t\t\t\t<\/div>\n\t\t\t\t\t\t\t\t<div class=\"elementor-field-type-email elementor-field-group elementor-column elementor-field-group-email elementor-col-50 elementor-field-required\">\n\t\t\t\t\t\t\t\t\t\t\t\t<label for=\"form-field-email\" class=\"elementor-field-label elementor-screen-only\">\n\t\t\t\t\t\t\t\tEmailadres\t\t\t\t\t\t\t<\/label>\n\t\t\t\t\t\t\t\t\t\t\t\t\t\t<input size=\"1\" type=\"email\" name=\"form_fields[email]\" id=\"form-field-email\" class=\"elementor-field elementor-size-sm  elementor-field-textual\" placeholder=\"Emailadres\" required=\"required\">\n\t\t\t\t\t\t\t\t\t\t\t<\/div>\n\t\t\t\t\t\t\t\t<div class=\"elementor-field-type-text elementor-field-group elementor-column elementor-field-group-field_9bd4b63 elementor-col-50\">\n\t\t\t\t\t\t\t\t\t\t\t\t<label for=\"form-field-field_9bd4b63\" class=\"elementor-field-label elementor-screen-only\">\n\t\t\t\t\t\t\t\tBedrijfsnaam\t\t\t\t\t\t\t<\/label>\n\t\t\t\t\t\t\t\t\t\t\t\t\t\t<input size=\"1\" type=\"text\" name=\"form_fields[field_9bd4b63]\" id=\"form-field-field_9bd4b63\" class=\"elementor-field elementor-size-sm  elementor-field-textual\" placeholder=\"Bedrijfsnaam\">\n\t\t\t\t\t\t\t\t\t\t\t<\/div>\n\t\t\t\t\t\t\t\t<div class=\"elementor-field-type-text elementor-field-group elementor-column elementor-field-group-field_29c2137 elementor-col-100 elementor-field-required\">\n\t\t\t\t\t\t\t\t\t\t\t\t<label for=\"form-field-field_29c2137\" class=\"elementor-field-label elementor-screen-only\">\n\t\t\t\t\t\t\t\tAdresgegevens\t\t\t\t\t\t\t<\/label>\n\t\t\t\t\t\t\t\t\t\t\t\t\t\t<input size=\"1\" type=\"text\" name=\"form_fields[field_29c2137]\" id=\"form-field-field_29c2137\" class=\"elementor-field elementor-size-sm  elementor-field-textual\" placeholder=\"Adresgegevens\" required=\"required\">\n\t\t\t\t\t\t\t\t\t\t\t<\/div>\n\t\t\t\t\t\t\t\t<div class=\"elementor-field-type-number elementor-field-group elementor-column elementor-field-group-field_27fc911 elementor-col-50 elementor-field-required\">\n\t\t\t\t\t\t\t\t\t\t\t\t<label for=\"form-field-field_27fc911\" class=\"elementor-field-label elementor-screen-only\">\n\t\t\t\t\t\t\t\tPostcode\t\t\t\t\t\t\t<\/label>\n\t\t\t\t\t\t\t\t\t<input type=\"number\" name=\"form_fields[field_27fc911]\" id=\"form-field-field_27fc911\" class=\"elementor-field elementor-size-sm  elementor-field-textual\" placeholder=\"Postcode\" required=\"required\" min=\"\" max=\"\" >\n\t\t\t\t\t\t<\/div>\n\t\t\t\t\t\t\t\t<div class=\"elementor-field-type-tel elementor-field-group elementor-column elementor-field-group-field_9000cce elementor-col-50\">\n\t\t\t\t\t\t\t\t\t\t\t\t<label for=\"form-field-field_9000cce\" class=\"elementor-field-label elementor-screen-only\">\n\t\t\t\t\t\t\t\tTelefoon nummer\t\t\t\t\t\t\t<\/label>\n\t\t\t\t\t\t\t\t<input size=\"1\" type=\"tel\" name=\"form_fields[field_9000cce]\" id=\"form-field-field_9000cce\" class=\"elementor-field elementor-size-sm  elementor-field-textual\" placeholder=\"Telefoon nummer\" pattern=\"[0-9()#&amp;+*-=.]+\" title=\"Seuls les chiffres et les symboles t\u00e9l\u00e9phoniques (#, -, *, etc.) sont accept\u00e9s.\">\n\n\t\t\t\t\t\t<\/div>\n\t\t\t\t\t\t\t\t<div class=\"elementor-field-type-textarea elementor-field-group elementor-column elementor-field-group-message elementor-col-100\">\n\t\t\t\t\t\t\t\t\t\t\t\t<label for=\"form-field-message\" class=\"elementor-field-label elementor-screen-only\">\n\t\t\t\t\t\t\t\tBoodschap\t\t\t\t\t\t\t<\/label>\n\t\t\t\t\t\t<textarea class=\"elementor-field-textual elementor-field  elementor-size-sm\" name=\"form_fields[message]\" id=\"form-field-message\" rows=\"4\" placeholder=\"Boodschap\"><\/textarea>\t\t\t\t<\/div>\n\t\t\t\t\t\t\t\t<div class=\"elementor-field-type-acceptance elementor-field-group elementor-column elementor-field-group-field_8271720 elementor-col-100 elementor-field-required\">\n\t\t\t\t\t\t\t\t\t\t\t\t<label for=\"form-field-field_8271720\" class=\"elementor-field-label elementor-screen-only\">\n\t\t\t\t\t\t\t\tprivacy\t\t\t\t\t\t\t<\/label>\n\t\t\t\t\t\t\t\t<div class=\"elementor-field-subgroup\">\n\t\t\t<span class=\"elementor-field-option\">\n\t\t\t\t<input type=\"checkbox\" name=\"form_fields[field_8271720]\" id=\"form-field-field_8271720\" class=\"elementor-field elementor-size-sm  elementor-acceptance-field\" required=\"required\">\n\t\t\t\t<label for=\"form-field-field_8271720\">Ik ga akkoord met de privacyverklaring<\/label>\t\t\t<\/span>\n\t\t<\/div>\n\t\t\t\t\t\t<\/div>\n\t\t\t\t\t\t\t\t<div class=\"elementor-field-type-recaptcha_v3 elementor-field-group elementor-column elementor-field-group-field_ac8c3f5 elementor-col-100 recaptcha_v3-bottomright\">\n\t\t\t\t\t<div class=\"elementor-field\" id=\"form-field-field_ac8c3f5\"><div class=\"elementor-g-recaptcha\" data-sitekey=\"6Ld4MW8sAAAAAFez6OTL2esztBB8TWP85giwPoXr\" data-type=\"v3\" data-action=\"Form\" data-badge=\"bottomright\" data-size=\"invisible\"><\/div><\/div>\t\t\t\t<\/div>\n\t\t\t\t\t\t\t\t<div class=\"elementor-field-group elementor-column elementor-field-type-submit elementor-col-100 e-form__buttons\">\n\t\t\t\t\t<button class=\"elementor-button elementor-size-sm\" type=\"submit\">\n\t\t\t\t\t\t<span class=\"elementor-button-content-wrapper\">\n\t\t\t\t\t\t\t\t\t\t\t\t\t\t\t<span class=\"elementor-button-icon\">\n\t\t\t\t\t\t\t\t\t<svg xmlns=\"http:\/\/www.w3.org\/2000\/svg\" xmlns:xlink=\"http:\/\/www.w3.org\/1999\/xlink\" width=\"12.063\" height=\"10.661\" viewBox=\"0 0 12.063 10.661\"><defs><clipPath id=\"clip-path\"><rect id=\"Rectangle_305\" data-name=\"Rectangle 305\" width=\"12.063\" height=\"10.661\"><\/rect><\/clipPath><\/defs><g id=\"Group_361\" data-name=\"Group 361\" transform=\"translate(0 0)\"><g id=\"Group_256\" data-name=\"Group 256\" transform=\"translate(0 0)\"><path id=\"Path_948\" data-name=\"Path 948\" d=\"M11.615,5.852a1.43,1.43,0,0,0-.212.23,1.124,1.124,0,0,0-.089.106A13.214,13.214,0,0,1,6,10.562a1.762,1.762,0,0,1-.487.1c-.044.009-.071-.009-.177-.062l-.027-.035c-.115-.7-.071-.345.39-.876.363-.425.806-.788,1.2-1.2.673-.726,1.363-1.425,2.01-2.16C6.215,6.436,2.275,6.277.5,5.533A2.114,2.114,0,0,1,.08,5.259C.044,5.223.035,5.2,0,5.091l.009-.053C.425,4.462.2,4.754.894,4.7c.567-.044,4.409.009,4.976-.009,1.1-.044,2.187-.053,3.276-.133-.7-.814-1.452-1.585-2.187-2.373-.39-.416-.832-.779-1.2-1.213C5.3.443,5.259.8,5.374.106L5.4.062C5.507.009,5.533,0,5.578,0a1.762,1.762,0,0,1,.487.1c2.213.912,3.692,2.665,5.312,4.373.124.124.221.239.31.328.044.053.08.089.115.124.478.5.23.549-.186.93\" transform=\"translate(0 0)\"><\/path><\/g><\/g><\/svg>\t\t\t\t\t\t\t\t\t\t\t\t\t\t\t\t\t<\/span>\n\t\t\t\t\t\t\t\t\t\t\t\t\t\t\t\t\t\t\t\t\t\t<span class=\"elementor-button-text\">Verzenden<\/span>\n\t\t\t\t\t\t\t\t\t\t\t\t\t<\/span>\n\t\t\t\t\t<\/button>\n\t\t\t\t<\/div>\n\t\t\t<\/div>\n\t\t<\/form>\n\t\t\t\t\t\t<\/div>\n\t\t\t\t<\/div>\n\t\t\t\t<\/div>\n\t\t\t\t\t<\/div>\n\t\t\t\t<\/div>\n\t\t\t\t<\/div>\n\t\t","protected":false},"excerpt":{"rendered":"<p>Neem contact op met Bird Supreme Wens je meer info over een product? Wil je graag Bird Supreme aanbieden aan jouw klanten? Neem met ons contact op en wij beantwoorden jouw vraag met veel plezier. Priester Coulonstraat 1008930 Rekkem Bereken route +32 56 41 24 07 info@birdsupreme.com<\/p>","protected":false},"author":3,"featured_media":0,"parent":149,"menu_order":14,"comment_status":"closed","ping_status":"closed","template":"elementor_header_footer","meta":{"_acf_changed":false,"footnotes":""},"class_list":["post-157","page","type-page","status-publish","hentry"],"acf":[],"_links":{"self":[{"href":"https:\/\/birdsupreme.com\/fr\/wp-json\/wp\/v2\/pages\/157","targetHints":{"allow":["GET"]}}],"collection":[{"href":"https:\/\/birdsupreme.com\/fr\/wp-json\/wp\/v2\/pages"}],"about":[{"href":"https:\/\/birdsupreme.com\/fr\/wp-json\/wp\/v2\/types\/page"}],"author":[{"embeddable":true,"href":"https:\/\/birdsupreme.com\/fr\/wp-json\/wp\/v2\/users\/3"}],"replies":[{"embeddable":true,"href":"https:\/\/birdsupreme.com\/fr\/wp-json\/wp\/v2\/comments?post=157"}],"version-history":[{"count":0,"href":"https:\/\/birdsupreme.com\/fr\/wp-json\/wp\/v2\/pages\/157\/revisions"}],"up":[{"embeddable":true,"href":"https:\/\/birdsupreme.com\/fr\/wp-json\/wp\/v2\/pages\/149"}],"wp:attachment":[{"href":"https:\/\/birdsupreme.com\/fr\/wp-json\/wp\/v2\/media?parent=157"}],"curies":[{"name":"wp","href":"https:\/\/api.w.org\/{rel}","templated":true}]}}