{"id":3,"date":"2026-01-22T17:52:56","date_gmt":"2026-01-22T17:52:56","guid":{"rendered":"https:\/\/birdsupreme.com\/?page_id=3"},"modified":"2026-03-16T08:17:17","modified_gmt":"2026-03-16T07:17:17","slug":"datenschutzbestimmungen","status":"publish","type":"page","link":"https:\/\/birdsupreme.com\/de\/privacy-policy\/","title":{"rendered":"Datenschutzbestimmungen"},"content":{"rendered":"<p>Bird Supreme verpflichtet sich, Ihre pers\u00f6nlichen Daten zu sch\u00fctzen (und daf\u00fcr zu sorgen, dass Ihre Privatsph\u00e4re respektiert wird). In dieser Datenschutzerkl\u00e4rung m\u00f6chten wir Sie klar und transparent dar\u00fcber informieren (welche Daten wir sammeln), wie wir mit pers\u00f6nlichen Daten umgehen. Wir sind bestrebt, Ihre Privatsph\u00e4re zu sch\u00fctzen und gehen daher mit pers\u00f6nlichen Daten sorgf\u00e4ltig um. Bird Supreme h\u00e4lt sich in allen F\u00e4llen an die geltenden Gesetze und Vorschriften, einschlie\u00dflich der Allgemeinen Datenschutzverordnung.<\/p>\n\n\n\n<p>Dies beinhaltet mindestens:<\/p>\n\n\n\n<ul class=\"wp-block-list\">\n<li>Ihre personenbezogenen Daten in \u00dcbereinstimmung mit dem Zweck zu verarbeiten, f\u00fcr den sie zur Verf\u00fcgung gestellt wurden; diese Zwecke und Arten von personenbezogenen Daten sind in dieser Datenschutzerkl\u00e4rung beschrieben;<\/li>\n\n\n\n<li>Die Verarbeitung Ihrer personenbezogenen Daten beschr\u00e4nkt sich auf die Daten, die f\u00fcr die Zwecke, f\u00fcr die sie verarbeitet werden, unbedingt erforderlich sind;<\/li>\n\n\n\n<li>um Ihre ausdr\u00fcckliche Zustimmung bitten, wenn wir sie f\u00fcr die Verarbeitung Ihrer personenbezogenen Daten ben\u00f6tigen;<\/li>\n\n\n\n<li>personenbezogene Daten nicht an Dritte weitergeben, es sei denn, dies ist f\u00fcr die Erf\u00fcllung der Zwecke, f\u00fcr die sie bereitgestellt wurden, erforderlich;<\/li>\n\n\n\n<li>sind sich Ihrer Rechte in Bezug auf Ihre personenbezogenen Daten bewusst, m\u00f6chten Sie darauf aufmerksam machen und sie respektieren.<\/li>\n<\/ul>\n\n\n\n<p>Als Bird Supreme sind wir f\u00fcr die Verarbeitung Ihrer pers\u00f6nlichen Daten verantwortlich. Wenn Sie nach dem Lesen unserer Datenschutzerkl\u00e4rung oder ganz allgemein Fragen dazu haben oder sich mit uns in Verbindung setzen m\u00f6chten, k\u00f6nnen Sie dies \u00fcber die folgenden Kontaktdaten tun: info@birdsupreme.com<\/p>\n\n\n\n<h2 class=\"wp-block-heading\"><strong>Warum verarbeiten wir personenbezogene Daten?<\/strong><\/h2>\n\n\n\n<p>Ihre pers\u00f6nlichen Daten werden von Bird Supreme zu folgenden Zwecken und aus folgenden Rechtsgr\u00fcnden verarbeitet:<\/p>\n\n\n\n<ul class=\"wp-block-list\">\n<li>Bearbeitung Ihrer Auftr\u00e4ge;<\/li>\n\n\n\n<li>Zur Lieferung von Waren und Dienstleistungen an Sie;<\/li>\n\n\n\n<li>Organisation des Kundendienstes;<\/li>\n\n\n\n<li>Leichte Zug\u00e4nglichkeit der Website (Verwendung von Cookies);<\/li>\n\n\n\n<li>Mitteilung zu Direktmarketingzwecken (z. B. Newsletter);<\/li>\n\n\n\n<li>Sie anzurufen oder per E-Mail zu kontaktieren, wenn dies f\u00fcr die Erbringung unserer Dienstleistungen erforderlich ist;<\/li>\n\n\n\n<li>Sie \u00fcber \u00c4nderungen unserer Dienstleistungen und Produkte zu informieren;<\/li>\n\n\n\n<li>Um Ihr Verhalten auf der Website zu analysieren, um die Website zu verbessern und das Angebot an Produkten und Dienstleistungen auf Ihre Pr\u00e4ferenzen zuzuschneiden.<\/li>\n\n\n\n<li>Verarbeitung personenbezogener Daten, wenn wir gesetzlich dazu verpflichtet sind, wie z. B. Daten, die wir f\u00fcr unsere Steuererkl\u00e4rung ben\u00f6tigen.<\/li>\n<\/ul>\n\n\n\n<h2 class=\"wp-block-heading\"><strong>Welche personenbezogenen Daten verarbeiten wir?<\/strong><\/h2>\n\n\n\n<p>Zu den oben genannten Zwecken k\u00f6nnen wir die folgenden personenbezogenen Daten von Ihnen anfordern, speichern, sammeln und verarbeiten:<\/p>\n\n\n\n<ul class=\"wp-block-list\">\n<li>Pers\u00f6nliche Identit\u00e4tsdaten: Name, Vorname, E-Mail<\/li>\n\n\n\n<li>Informationen \u00fcber die von einer IP-Adresse besuchten Webseiten<\/li>\n\n\n\n<li>Auf unserer Website hinterlassene Daten<\/li>\n<\/ul>\n\n\n\n<p>Wir verwenden die gesammelten Daten nur f\u00fcr die Zwecke, f\u00fcr die wir die Daten erhalten haben.<\/p>\n\n\n\n<h2 class=\"wp-block-heading\"><strong>Minderj\u00e4hrige<\/strong><\/h2>\n\n\n\n<p>Unsere Website und\/oder unser Dienst haben nicht die Absicht, Daten von Website-Besuchern zu sammeln, die unter 16 Jahre alt sind. Es sei denn, sie haben die Zustimmung ihrer Eltern oder Erziehungsberechtigten. Wir k\u00f6nnen jedoch nicht \u00fcberpr\u00fcfen, ob ein Besucher \u00e4lter als 16 Jahre ist. Wir raten daher den Eltern, die Online-Aktivit\u00e4ten ihrer Kinder zu \u00fcberwachen, um zu vermeiden, dass Daten von Kindern ohne elterliche Zustimmung erfasst werden. Wenn Sie davon \u00fcberzeugt sind, dass wir personenbezogene Daten \u00fcber einen Minderj\u00e4hrigen ohne eine solche Zustimmung gesammelt haben, wenden Sie sich bitte an Bird Supreme, und wir werden diese Informationen l\u00f6schen.<\/p>\n\n\n\n<h2 class=\"wp-block-heading\"><strong>Offenlegung gegen\u00fcber Dritten<\/strong><\/h2>\n\n\n\n<p>Wir k\u00f6nnen die Daten, die Sie uns zur Verf\u00fcgung stellen, an Dritte weitergeben, wenn dies zur Erf\u00fcllung der oben beschriebenen Zwecke erforderlich ist. ****Zu diesem Zweck setzen wir Dritte ein:<\/p>\n\n\n\n<ul class=\"wp-block-list\">\n<li>die Weitergabe Ihrer personenbezogenen Daten an Lieferdienste;<\/li>\n\n\n\n<li>Bereitstellung der Internetumgebung (Webhosting);<\/li>\n\n\n\n<li>Bereitstellung der IT-Infrastruktur (einschlie\u00dflich IT-Netzwerk, ...);<\/li>\n<\/ul>\n\n\n\n<p>Wir geben niemals personenbezogene Daten an andere Parteien weiter, mit denen wir keinen Verarbeitungsvertrag geschlossen haben, und treffen mit diesen Parteien (Auftragsverarbeitern) selbstverst\u00e4ndlich die erforderlichen Vereinbarungen, um die Sicherheit Ihrer personenbezogenen Daten zu gew\u00e4hrleisten. Dar\u00fcber hinaus werden wir die von Ihnen zur Verf\u00fcgung gestellten Daten nicht an Dritte weitergeben, es sei denn, dies ist gesetzlich vorgeschrieben und erlaubt. Wir k\u00f6nnen personenbezogene Daten auch an Dritte weitergeben, wenn Sie uns die Erlaubnis dazu erteilen. Sie haben das Recht, diese Einwilligung jederzeit zu widerrufen, ohne dass die Rechtm\u00e4\u00dfigkeit der Verarbeitung vor dem Widerruf ber\u00fchrt wird. Wir geben keine personenbezogenen Daten an Parteien au\u00dferhalb der EU weiter.<\/p>\n\n\n\n<h2 class=\"wp-block-heading\"><strong>Cookies oder \u00e4hnliche Techniken, die wir verwenden<\/strong><\/h2>\n\n\n\n<p>Bird Supreme verwendet funktionale, analytische und Tracking-Cookies. Ein Cookie ist eine kleine Textdatei, die im Browser Ihres Computers, Tablets oder Smartphones gespeichert wird, wenn Sie diese Website zum ersten Mal besuchen. Bird Supreme verwendet Cookies mit einer rein technischen Funktion. Diese sorgen daf\u00fcr, dass die Website ordnungsgem\u00e4\u00df funktioniert und dass z. B. Ihre Pr\u00e4ferenzen gespeichert werden. Diese Cookies werden auch verwendet, um das Funktionieren der Website zu gew\u00e4hrleisten und sie zu optimieren. Au\u00dferdem platzieren wir Cookies, die Ihr Surfverhalten verfolgen, damit wir Ihnen ma\u00dfgeschneiderte Inhalte und Werbung anbieten k\u00f6nnen. Bei Ihrem ersten Besuch auf unserer Website haben wir Sie bereits \u00fcber diese Cookies informiert und um Ihr Einverst\u00e4ndnis gebeten, sie zu setzen.<\/p>\n\n\n\n<p>Sie k\u00f6nnen Cookies ablehnen, indem Sie Ihren Internet-Browser so einstellen, dass er keine Cookies mehr speichert. Au\u00dferdem k\u00f6nnen Sie alle zuvor gespeicherten Informationen \u00fcber die Einstellungen Ihres Browsers l\u00f6schen (siehe Erl\u00e4uterung):&nbsp;<a href=\"https:\/\/veiliginternetten.nl\/themes\/situatie\/cookies-wat-zijn-het-en-wat-doe-ik-ermee\/\" target=\"_blank\" rel=\"noopener\">https:\/\/veiliginternetten.nl\/themes\/situatie\/cookies-wat-zijn-het-en-wat-doe-ik-ermee\/<\/a><\/p>\n\n\n\n<p>Cookies werden auch von Dritten auf dieser Website gesetzt. Dazu geh\u00f6ren z. B. Werbetreibende und\/oder die Unternehmen der sozialen Medien.<\/p>\n\n\n\n<h2 class=\"wp-block-heading\"><strong>Google Analytics<\/strong><\/h2>\n\n\n\n<p>Wir verwenden Google Analytics, um zu verfolgen, wie die Nutzer die Website nutzen. Die so gewonnenen Informationen, einschlie\u00dflich der Adresse Ihres Computers (IP-Adresse), werden an Google \u00fcbertragen und von Google auf Servern in den Vereinigten Staaten gespeichert. Google. Inc. stellt Schakenbosch die gesammelten statistischen Informationen \u00fcber Ihre Nutzung dieser Website zur Verf\u00fcgung. Lesen Sie die&nbsp;<a href=\"https:\/\/www.google.com\/intl\/nl\/policies\/privacy\/\" target=\"_blank\" rel=\"noopener\">Google-Datenschutzbestimmungen<\/a>&nbsp;f\u00fcr weitere Informationen und die spezifischen&nbsp;<a href=\"https:\/\/support.google.com\/analytics\/answer\/6004245?hl=nl\" target=\"_blank\" rel=\"noopener\">Datenschutzbestimmungen f\u00fcr Google Analytics<\/a>.<\/p>\n\n\n\n<p>Google verwendet diese Informationen, um zu verfolgen, wie unsere Website genutzt wird, um uns Berichte \u00fcber die Website zur Verf\u00fcgung zu stellen und um seinen Werbekunden Informationen \u00fcber die Wirksamkeit ihrer Kampagnen zu liefern. Google kann diese Informationen an Dritte weitergeben, wenn Google gesetzlich dazu verpflichtet ist oder soweit diese Dritten die Informationen im Auftrag von Google verarbeiten. Hierauf haben wir keinen Einfluss. Wir haben Google nicht gestattet, die gewonnenen Analysedaten f\u00fcr andere Google-Dienste zu nutzen.<\/p>\n\n\n\n<h2 class=\"wp-block-heading\"><strong>Google-Schriftarten<\/strong><\/h2>\n\n\n\n<p>Die Website verwendet zur einheitlichen Darstellung von Schriftarten sogenannte Web Fonts, die von Google bereitgestellt werden. Beim Aufruf einer Seite l\u00e4dt Ihr Browser die notwendigen Web Fonts in Ihren Browser-Cache, um Texte und Schriften korrekt darzustellen. Wenn Ihr Browser keine Web Fonts unterst\u00fctzt, wird eine Standardschrift von Ihrem Computer verwendet.<\/p>\n\n\n\n<p>Weitere Informationen zu Google Web Fonts finden Sie unter&nbsp;<a href=\"https:\/\/developers.google.com\/fonts\/faq\" target=\"_blank\" rel=\"noopener\">https:\/\/developers.google.com\/fonts\/faq<\/a>&nbsp;und in der Datenschutzerkl\u00e4rung von Google:&nbsp;<a href=\"https:\/\/www.google.com\/policies\/privacy\/\" target=\"_blank\" rel=\"noopener\">https:\/\/www.google.com\/policies\/privacy\/<\/a><\/p>\n\n\n\n<h2 class=\"wp-block-heading\"><strong>Soziale Medien: facebook, instagram, linkedin, tiktok<\/strong><\/h2>\n\n\n\n<p>Diese Website enth\u00e4lt Schaltfl\u00e4chen zur F\u00f6rderung von Seiten in den sozialen Netzwerken Facebook, Linkedin, Youtube, Tiktok. Diese Schaltfl\u00e4chen werden durch einen Code realisiert, der von Facebook selbst bereitgestellt wird. Dieser Code platziert unter anderem ein Cookie (siehe oben). Diese Cookies erm\u00f6glichen die Nutzung von Social-Media-Funktionen \u00fcber unsere Website. Bitte beachten Sie, dass die betreffenden sozialen Medien durch diese Cookies Informationen sammeln k\u00f6nnen, die sie f\u00fcr ihre eigenen Zwecke nutzen k\u00f6nnen. Bitte lesen Sie die Datenschutzerkl\u00e4rung von Facebook, um zu erfahren, was sie mit Ihren pers\u00f6nlichen Daten machen, die sie mit diesem Code verarbeiten. Diese Datenschutzerkl\u00e4rungen werden regelm\u00e4\u00dfig ge\u00e4ndert.<\/p>\n\n\n\n<h2 class=\"wp-block-heading\"><strong>Daten ansehen, \u00e4ndern oder l\u00f6schen<\/strong><\/h2>\n\n\n\n<p>Sie haben das Recht auf Zugang, Berichtigung oder L\u00f6schung Ihrer personenbezogenen Daten. Dar\u00fcber hinaus haben Sie das Recht, Ihre eventuelle Zustimmung zur Datenverarbeitung zu widerrufen oder der Verarbeitung Ihrer personenbezogenen Daten durch Bird Supreme zu widersprechen, und Sie haben das Recht auf Daten\u00fcbertragbarkeit. Das bedeutet, dass Sie bei uns beantragen k\u00f6nnen, dass die personenbezogenen Daten, die wir \u00fcber Sie in einer Computerdatei gespeichert haben, an Sie oder eine andere von Ihnen benannte Organisation \u00fcbermittelt werden. Sie k\u00f6nnen einen Antrag auf Einsichtnahme, Berichtigung, L\u00f6schung, Daten\u00fcbertragbarkeit Ihrer personenbezogenen Daten oder einen Antrag auf Widerruf Ihrer Einwilligung oder Widerspruch gegen die Verarbeitung Ihrer personenbezogenen Daten an info@birdsupreme.com senden.<\/p>\n\n\n\n<h2 class=\"wp-block-heading\"><strong>Sicherheit der Daten<\/strong><\/h2>\n\n\n\n<p>Bird Supreme nimmt den Schutz Ihrer Daten ernst und ergreift geeignete Ma\u00dfnahmen, um Missbrauch, Verlust, unbefugtem Zugriff, unerw\u00fcnschter Offenlegung und unbefugter \u00c4nderung entgegenzuwirken. Wenn Sie den Eindruck haben, dass Ihre Daten nicht ordnungsgem\u00e4\u00df gesichert sind oder es Anzeichen f\u00fcr einen Missbrauch gibt, wenden Sie sich bitte an unseren Kundendienst oder \u00fcber Bird Supreme wurden die folgenden Ma\u00dfnahmen zum Schutz Ihrer pers\u00f6nlichen Daten ergriffen:<\/p>\n\n\n\n<h2 class=\"wp-block-heading\"><strong>Ihre Datenrechte<\/strong><\/h2>\n\n\n\n<p>Sie haben das Recht auf Zugang, Berichtigung oder L\u00f6schung der personenbezogenen Daten, die wir von Ihnen erhalten haben. Am Anfang dieser Datenschutzerkl\u00e4rung finden Sie Hinweise, wie Sie uns kontaktieren k\u00f6nnen. (Sie k\u00f6nnen uns auch \u00fcber die Kontaktseite auf unserer Website kontaktieren. **** Sie k\u00f6nnen der Verarbeitung Ihrer personenbezogenen Daten (oder eines Teils davon) durch uns widersprechen. Sie haben auch das Recht, dass wir die Daten, die Sie uns zur Verf\u00fcgung gestellt haben, an Sie selbst oder in Ihrem Namen direkt an eine andere Partei weitergeben. Wir k\u00f6nnen Sie bitten, sich zu identifizieren, bevor wir den vorgenannten Antr\u00e4gen nachkommen k\u00f6nnen.<\/p>\n\n\n\n<h2 class=\"wp-block-heading\"><strong>Beanstandungen<\/strong><\/h2>\n\n\n\n<p>Wenn Sie sich \u00fcber die Verarbeitung Ihrer personenbezogenen Daten beschweren m\u00f6chten, wenden Sie sich bitte direkt an uns, denn Sie haben jederzeit das Recht, eine Beschwerde bei der Datenschutzkommission, der Aufsichtsbeh\u00f6rde im Bereich des Datenschutzes, einzureichen.<\/p>\n\n\n\n<h2 class=\"wp-block-heading\"><strong>\u00c4nderung der Datenschutzerkl\u00e4rung<\/strong><\/h2>\n\n\n\n<p>Bird Supreme kann die Datenschutzerkl\u00e4rung jederzeit und ohne vorherige Ank\u00fcndigung \u00e4ndern und aktualisieren, indem eine neue Version auf der Website ver\u00f6ffentlicht wird.<\/p>\n\n\n\n<p>Aus diesem Grund wird dringend empfohlen, dass Sie die Website und die entsprechende Seite, auf der die Datenschutzerkl\u00e4rung erscheint, regelm\u00e4\u00dfig \u00fcberpr\u00fcfen, um sicherzustellen, dass Sie \u00fcber alle \u00c4nderungen informiert sind. Das Datum der neuesten Version wird immer aktualisiert und ist am Ende der Datenschutzerkl\u00e4rung zu finden.<\/p>\n\n\n\n<p>Datenschutzhinweis 16\/03\/2026<\/p>\n\n\n\n<p><\/p>","protected":false},"excerpt":{"rendered":"<p>Bird Supreme\u00a0hecht veel waarde aan de bescherming van uw persoonsgegevens (en dat uw privacy wordt gerespecteerd).In deze privacyverklaring willen we heldere en transparante informatie geven over (welke gegevens we verzamelen) hoe wij omgaan met persoonsgegevens. Wij doen er alles aan om uw privacy te waarborgen en gaan daarom zorgvuldig om met persoons- gegevens.\u00a0Bird Supreme\u00a0houdt zich [&hellip;]<\/p>\n","protected":false},"author":1,"featured_media":0,"parent":0,"menu_order":98,"comment_status":"closed","ping_status":"closed","template":"","meta":{"_acf_changed":false,"footnotes":""},"class_list":["post-3","page","type-page","status-publish","hentry"],"acf":[],"_links":{"self":[{"href":"https:\/\/birdsupreme.com\/de\/wp-json\/wp\/v2\/pages\/3","targetHints":{"allow":["GET"]}}],"collection":[{"href":"https:\/\/birdsupreme.com\/de\/wp-json\/wp\/v2\/pages"}],"about":[{"href":"https:\/\/birdsupreme.com\/de\/wp-json\/wp\/v2\/types\/page"}],"author":[{"embeddable":true,"href":"https:\/\/birdsupreme.com\/de\/wp-json\/wp\/v2\/users\/1"}],"replies":[{"embeddable":true,"href":"https:\/\/birdsupreme.com\/de\/wp-json\/wp\/v2\/comments?post=3"}],"version-history":[{"count":0,"href":"https:\/\/birdsupreme.com\/de\/wp-json\/wp\/v2\/pages\/3\/revisions"}],"wp:attachment":[{"href":"https:\/\/birdsupreme.com\/de\/wp-json\/wp\/v2\/media?parent=3"}],"curies":[{"name":"wp","href":"https:\/\/api.w.org\/{rel}","templated":true}]}}